{"id":11271,"date":"2023-02-09T05:59:30","date_gmt":"2023-02-09T10:59:30","guid":{"rendered":"https:\/\/www.betadine.ca\/ou-acheter\/"},"modified":"2024-08-13T00:54:47","modified_gmt":"2024-08-13T05:54:47","slug":"ou-acheter","status":"publish","type":"page","link":"https:\/\/www.betadine.ca\/fr\/ou-acheter\/","title":{"rendered":"O\u00f9 acheter"},"content":{"rendered":"\t\t<div data-elementor-type=\"wp-page\" data-elementor-id=\"11271\" class=\"elementor elementor-11271 elementor-3943\">\n\t\t\t\t<div class=\"elementor-element elementor-element-e6446eb e-con-full e-flex e-con e-parent\" data-id=\"e6446eb\" data-element_type=\"container\" data-e-type=\"container\" data-settings=\"{&quot;background_background&quot;:&quot;classic&quot;}\">\n\t\t<div class=\"elementor-element elementor-element-8ce7ab9 e-flex e-con-boxed e-con e-child\" data-id=\"8ce7ab9\" data-element_type=\"container\" data-e-type=\"container\" data-settings=\"{&quot;background_background&quot;:&quot;classic&quot;}\">\n\t\t\t\t\t<div class=\"e-con-inner\">\n\t\t\t\t<div class=\"elementor-element elementor-element-a3de779 elementor-widget__width-initial elementor-widget-mobile__width-inherit elementor-widget elementor-widget-image\" data-id=\"a3de779\" data-element_type=\"widget\" data-e-type=\"widget\" data-widget_type=\"image.default\">\n\t\t\t\t<div class=\"elementor-widget-container\">\n\t\t\t\t\t\t\t\t\t\t\t\t\t\t\t<img fetchpriority=\"high\" decoding=\"async\" width=\"587\" height=\"506\" src=\"https:\/\/www.betadine.ca\/wp-content\/uploads\/2023\/02\/wheretobuy.png\" class=\"attachment-full size-full wp-image-10993\" alt=\"\" srcset=\"https:\/\/www.betadine.ca\/wp-content\/uploads\/2023\/02\/wheretobuy.png 587w, https:\/\/www.betadine.ca\/wp-content\/uploads\/2023\/02\/wheretobuy-300x259.png 300w\" sizes=\"(max-width: 587px) 100vw, 587px\" \/>\t\t\t\t\t\t\t\t\t\t\t\t\t\t\t<\/div>\n\t\t\t\t<\/div>\n\t\t<div class=\"elementor-element elementor-element-d85f05e e-con-full e-flex e-con e-child\" data-id=\"d85f05e\" data-element_type=\"container\" data-e-type=\"container\">\n\t\t\t\t<div class=\"elementor-element elementor-element-799a040 elementor-widget elementor-widget-heading\" data-id=\"799a040\" data-element_type=\"widget\" data-e-type=\"widget\" data-widget_type=\"heading.default\">\n\t\t\t\t<div class=\"elementor-widget-container\">\n\t\t\t\t\t<h1 class=\"elementor-heading-title elementor-size-default\">WHERE TO BUY<\/h1>\t\t\t\t<\/div>\n\t\t\t\t<\/div>\n\t\t\t\t<div class=\"elementor-element elementor-element-af48907 elementor-widget__width-initial elementor-widget elementor-widget-heading\" data-id=\"af48907\" data-element_type=\"widget\" data-e-type=\"widget\" data-widget_type=\"heading.default\">\n\t\t\t\t<div class=\"elementor-widget-container\">\n\t\t\t\t\t<p class=\"elementor-heading-title elementor-size-default\">Nos produits sont disponibles dans les principaux\nsites de commerce \u00e9lectronique et dans les magasins pr\u00e8s de chez vous.<\/p>\t\t\t\t<\/div>\n\t\t\t\t<\/div>\n\t\t\t\t<\/div>\n\t\t\t\t\t<\/div>\n\t\t\t\t<\/div>\n\t\t\t\t<\/div>\n\t\t<div class=\"elementor-element elementor-element-ceced3c e-flex e-con-boxed e-con e-parent\" data-id=\"ceced3c\" data-element_type=\"container\" data-e-type=\"container\">\n\t\t\t\t\t<div class=\"e-con-inner\">\n\t\t\t\t<div class=\"elementor-element elementor-element-f212672 elementor-widget elementor-widget-heading\" data-id=\"f212672\" data-element_type=\"widget\" data-e-type=\"widget\" data-widget_type=\"heading.default\">\n\t\t\t\t<div class=\"elementor-widget-container\">\n\t\t\t\t\t<h2 class=\"elementor-heading-title elementor-size-default\">EN LIGNE<\/h2>\t\t\t\t<\/div>\n\t\t\t\t<\/div>\n\t\t\t\t<div class=\"elementor-element elementor-element-466ed04 elementor-widget elementor-widget-text-editor\" data-id=\"466ed04\" data-element_type=\"widget\" data-e-type=\"widget\" data-widget_type=\"text-editor.default\">\n\t\t\t\t<div class=\"elementor-widget-container\">\n\t\t\t\t\t\t\t\t\t<p>Achetez vos produits essentiels BETADINE\u00ae dans les principaux magasins de commerce \u00e9lectronique du pays.<\/p>\n\t\t\t\t\t\t\t\t<\/div>\n\t\t\t\t<\/div>\n\t\t<div class=\"elementor-element elementor-element-a682797 e-con-full e-flex e-con e-child\" data-id=\"a682797\" data-element_type=\"container\" data-e-type=\"container\">\n\t\t<div class=\"elementor-element elementor-element-bb37ace e-con-full e-flex e-con e-child\" data-id=\"bb37ace\" data-element_type=\"container\" data-e-type=\"container\">\n\t\t\t\t<div class=\"elementor-element elementor-element-6444a66 elementor-widget elementor-widget-image\" data-id=\"6444a66\" data-element_type=\"widget\" data-e-type=\"widget\" data-widget_type=\"image.default\">\n\t\t\t\t<div class=\"elementor-widget-container\">\n\t\t\t\t\t\t\t\t\t\t\t\t\t\t\t<img decoding=\"async\" width=\"161\" height=\"44\" src=\"https:\/\/www.betadine.ca\/wp-content\/uploads\/2023\/02\/lazda.png\" class=\"attachment-full size-full wp-image-10921\" alt=\"\" \/>\t\t\t\t\t\t\t\t\t\t\t\t\t\t\t<\/div>\n\t\t\t\t<\/div>\n\t\t\t\t<\/div>\n\t\t<div class=\"elementor-element elementor-element-f77e351 e-con-full e-flex e-con e-child\" data-id=\"f77e351\" data-element_type=\"container\" data-e-type=\"container\">\n\t\t\t\t<div class=\"elementor-element elementor-element-6cff480 elementor-widget elementor-widget-image\" data-id=\"6cff480\" data-element_type=\"widget\" data-e-type=\"widget\" data-widget_type=\"image.default\">\n\t\t\t\t<div class=\"elementor-widget-container\">\n\t\t\t\t\t\t\t\t\t\t\t\t\t\t\t<img decoding=\"async\" width=\"126\" height=\"59\" src=\"https:\/\/www.betadine.ca\/wp-content\/uploads\/2023\/02\/shopee.png\" class=\"attachment-full size-full wp-image-10922\" alt=\"\" \/>\t\t\t\t\t\t\t\t\t\t\t\t\t\t\t<\/div>\n\t\t\t\t<\/div>\n\t\t\t\t<\/div>\n\t\t\t\t<\/div>\n\t\t\t\t\t<\/div>\n\t\t\t\t<\/div>\n\t\t<div class=\"elementor-element elementor-element-2342464 e-flex e-con-boxed e-con e-parent\" data-id=\"2342464\" data-element_type=\"container\" data-e-type=\"container\">\n\t\t\t\t\t<div class=\"e-con-inner\">\n\t\t\t\t<div class=\"elementor-element elementor-element-2be4150 elementor-widget elementor-widget-heading\" data-id=\"2be4150\" data-element_type=\"widget\" data-e-type=\"widget\" data-widget_type=\"heading.default\">\n\t\t\t\t<div class=\"elementor-widget-container\">\n\t\t\t\t\t<h2 class=\"elementor-heading-title elementor-size-default\">MAGASINS PARTENAIRES<\/h2>\t\t\t\t<\/div>\n\t\t\t\t<\/div>\n\t\t\t\t<div class=\"elementor-element elementor-element-2679345 elementor-widget elementor-widget-text-editor\" data-id=\"2679345\" data-element_type=\"widget\" data-e-type=\"widget\" data-widget_type=\"text-editor.default\">\n\t\t\t\t<div class=\"elementor-widget-container\">\n\t\t\t\t\t\t\t\t\t<p>Indiquez votre lieu de r\u00e9sidence pour trouver l&rsquo;un de nos magasins partenaires pr\u00e8s de chez vous.<\/p>\n\t\t\t\t\t\t\t\t<\/div>\n\t\t\t\t<\/div>\n\t\t\t\t\t<\/div>\n\t\t\t\t<\/div>\n\t\t<div class=\"elementor-element elementor-element-22cc002 e-con-full e-flex e-con e-parent\" data-id=\"22cc002\" data-element_type=\"container\" data-e-type=\"container\">\n\t\t\t\t<div class=\"elementor-element elementor-element-44a7fa5 site-map-wrap elementor-widget elementor-widget-shortcode\" data-id=\"44a7fa5\" data-element_type=\"widget\" data-e-type=\"widget\" data-widget_type=\"shortcode.default\">\n\t\t\t\t<div class=\"elementor-widget-container\">\n\t\t\t\t\t\t\t<div class=\"elementor-shortcode\"><style type=\"text\/css\">\nbody #asl-storelocator.asl-cont.asl-template-0 {--sl-font-size: 13px;--sl-title-size: 15px;--sl-btn-size: 13px;--sl-primary: #542727;--sl-header: #F7F7F7;--sl-header-color: #32373c;--sl-infobox-color: #555d66;--sl-infobox-bg: #FFFFFF;--sl-infobox-a: #542727;--sl-action-btn-color: #FFFFFF;--sl-action-btn-bg: #542727;--sl-color: #555d66;--sl-list-bg: #FFFFFF;--sl-list-title: #32373c;--sl-list-sub-title: #6a6a6a;--sl-highlighted: #F7F7F7;}.asl-p-cont .asl-print-btn,.asl-cont .asl-print-btn {display: none !important;}.asl-cont .onoffswitch .onoffswitch-label .onoffswitch-switch:before {\n    content: \"OUVRIR\" !important;\n}\n\n.asl-cont .onoffswitch .onoffswitch-label .onoffswitch-switch:after {\n    content: \"TOUT\" !important;\n}\n\n@media (max-width: 767px) {\n    #asl-storelocator.asl-cont .asl-panel {\n        order: 0;\n    }\n}\n\n.asl-cont.sl-search-only .Filter_section+.sl-row {\n    display: none;\n}\n<\/style>\n<div id=\"asl-storelocator\"\n    class=\"storelocator-main asl-cont asl-template-0 asl-layout-0 asl-bg-0 full-width no-asl-filters  asl-text-1\">\n    <div class=\"asl-wrapper\">\n        <div class=\"sl-container-fluid\">\n\n                        <div class=\"sl-row\">\n                <div class=\"pol-12\">\n                    <div class=\"sl-main-cont\">\n                        <div class=\"sl-row no-gutters sl-main-row\">\n                            <div id=\"asl-panel\" class=\"asl-panel pol-md-5 pol-lg-4 asl_locator-panel\">\n                                <div class=\"asl-overlay\" id=\"map-loading\">\n                                    <div class=\"white\"><\/div>\n                                    <div class=\"sl-loading\">\n                                        <i class=\"animate-sl-spin icon-spin3\"><\/i>\n                                        Chargement...                                    <\/div>\n                                <\/div>\n                                <div class=\"inside search_filter\">\n                                    <label for=\"auto-complete-search\"\n                                        class=\"mb-2\">Chercher Location<\/label>\n                                    <div class=\"asl-store-search input-group d-flex\">\n                                        <input type=\"text\" value=\"\" id=\"auto-complete-search\"\n                                            class=\"asl-search-address form-control\"\n                                            placeholder=\"Enter a Location\">\n                                        <div class=\"input-group-append\">\n                                            <button aria-label=\"Chercher Location\"\n                                                title=\"Chercher Location\" type=\"button\" class=\"asl-search-event input-group-text span-geo\">\n                                                <i class=\"icon-search\" aria-hidden=\"true\"><\/i>\n                                            <\/button>\n                                        <\/div>\n                                    <\/div>\n                                <\/div>\n                                <!-- list -->\n                                <div class=\"asl-panel-inner\">\n                                    <div class=\"top-title Num_of_store\">\n                                        <span><span\n                                                class=\"sl-head-title\">Number Of Shops<\/span>:\n                                            <span class=\"count-result\">0<\/span><\/span>\n                                                                                <a class=\"asl-print-btn\"><span>IMPRIMER<\/span><span\n                                                class=\"asl-print\"><\/span><\/a>\n                                                                            <\/div>\n                                    <div class=\"sl-main-cont-box\">\n                                        <div id=\"asl-list\" class=\"sl-list-wrapper\">\n                                            <ul id=\"p-statelist\" class=\"sl-list\">\n                                            <\/ul>\n                                        <\/div>\n                                    <\/div>\n                                <\/div>\n\n                                <div class=\"directions-cont hide\">\n                                    <div class=\"agile-modal-header\">\n                                        <button type=\"button\" class=\"close\"><span aria-hidden=\"true\">\u00d7<\/span><\/button>\n                                        <h4>Direction du magasin<\/h4>\n                                    <\/div>\n                                    <div class=\"rendered-directions\" id=\"asl-rendered-dir\" style=\"direction: ltr;\">\n                                    <\/div>\n                                <\/div>\n                            <\/div>\n                            <div class=\"pol-md-7 pol-lg-8 asl-map\">\n                                <div class=\"map-image\">\n                                    <div id=\"asl-map-canv\" class=\"asl-map-canv\"><\/div>\n                                    <div id=\"agile-modal-direction\" class=\"agile-modal fade\">\n    <div class=\"agile-modal-backdrop-in\"><\/div>\n    <div class=\"agile-modal-dialog in\">\n        <div class=\"agile-modal-content\">\n            <div class=\"sl-form-group d-flex justify-content-between\">\n                <h4>OBTENIR DES DIRECTIONS<\/h4>\n                <button type=\"button\" class=\"close-directions sl-close\" data-dismiss=\"agile-modal\"\n                    aria-label=\"proche\"><i aria-hidden=\"true\" class=\"icon-cancel-1\"><\/i><\/button>\n            <\/div>\n            <div class=\"sl-form-group\">\n                <label for=\"frm-lbl\">De:<\/label>\n                <input type=\"text\" class=\"form-control frm-place\" id=\"frm-lbl\"\n                    placeholder=\"Enter a Location\">\n            <\/div>\n            <div class=\"sl-form-group\">\n                <label for=\"to-lbl\">\u00c0:<\/label>\n                <input readonly=\"true\" type=\"text\" class=\"directions-to form-control\" id=\"to-lbl\"\n                    placeholder=\"Adresse de destination pr\u00e9remplie\">\n            <\/div>\n            <div class=\"sl-form-group mb-0\">\n                <label for=\"rbtn-km\" class=\"checkbox-inline\">\n                    <input type=\"radio\" name=\"dist-type\" id=\"rbtn-km\" value=\"0\"> kilom\u00e8tres                <\/label>\n                <label for=\"rbtn-mile\" class=\"checkbox-inline\">\n                    <input type=\"radio\" name=\"dist-type\" checked id=\"rbtn-mile\" value=\"1\">\n                    Milles                <\/label>\n            <\/div>\n            <div class=\"sl-form-group mb-0\">\n                <button type=\"submit\" aria-label=\"OBTENIR DES DIRECTIONS\"\n                    class=\"btn btn-default btn-submit\">OBTENIR DES DIRECTIONS<\/button>\n            <\/div>\n        <\/div>\n    <\/div>\n<\/div>\n\n<div id=\"asl-geolocation-agile-modal\" class=\"agile-modal fade\">\n    <div class=\"agile-modal-backdrop-in\"><\/div>\n    <div class=\"agile-modal-dialog in\">\n        <div class=\"agile-modal-content\">\n                          <div class=\"sl-form-group sl-icon-group\">\n              <button type=\"button\" class=\"close-directions sl-close\" data-dismiss=\"agile-modal\"\n                    aria-label=\"proche\"><i aria-hidden=\"true\" class=\"icon-cancel-1\"><\/i><\/button>\n                <div class=\"sl-loct-icon\">\n                    <svg xmlns=\"http:\/\/www.w3.org\/2000\/svg\" width=\"28\" height=\"28\" viewBox=\"0 0 24 24\" fill=\"none\"\n                        stroke=\"currentColor\" stroke-width=\"2\" stroke-linecap=\"round\" stroke-linejoin=\"round\">\n                        <path\n                            d=\"M20 10c0 4.993-5.539 10.193-7.399 11.799a1 1 0 0 1-1.202 0C9.539 20.193 4 14.993 4 10a8 8 0 0 1 16 0\">\n                        <\/path>\n                        <circle cx=\"12\" cy=\"10\" r=\"3\"><\/circle>\n                    <\/svg>\n                <\/div>\n                <h2>Find Nearby Service Providers<\/h2>\n                <p>Utiliser mon emplacement pour trouver le fournisseur de services le plus pr\u00e8s de moi<\/p>\n            <\/div>\n            <div class=\"sl-form-group text-center mb-0\">\n                <button type=\"button\" id=\"asl-btn-geolocation\"\n                    class=\"btn btn-block btn-default\">UTILISATION LOCATION<\/button>\n            <\/div>\n                    <\/div>\n    <\/div>\n<\/div>\n\n<div id=\"asl-desc-agile-modal\" class=\"agile-modal fade\">\n    <div class=\"agile-modal-backdrop-in\"><\/div>\n    <div class=\"agile-modal-dialog in\">\n        <div class=\"agile-modal-content\">\n            <div class=\"sl-row\">\n                <div class=\"pol-md-12\">\n                    <div class=\"sl-form-group d-flex justify-content-between\">\n                        <h4 class=\"sl-title\">View Description<\/h4>\n                        <button type=\"button\" class=\"close-directions sl-close\" data-dismiss=\"agile-modal\"\n                            aria-label=\"Close\"><i aria-hidden=\"true\" class=\"icon-cancel-1\"><\/i><\/button>\n                    <\/div>\n                    <div class=\"sl-desc\"><\/div>\n                <\/div>\n            <\/div>\n        <\/div>\n    <\/div>\n<\/div>                                <\/div>\n                            <\/div>\n                        <\/div>\n                    <\/div>\n                <\/div>\n            <\/div>\n        <\/div>\n    <\/div>\n<\/div>\n<!-- This plugin is developed by \"Agile Store Locator for WordPress\" https:\/\/agilestorelocator.com --><\/div>\n\t\t\t\t\t\t<\/div>\n\t\t\t\t<\/div>\n\t\t\t\t<\/div>\n\t\t\t\t<\/div>\n\t\t","protected":false},"excerpt":{"rendered":"<p>WHERE TO BUY Nos produits sont disponibles dans les principaux sites de commerce \u00e9lectronique et dans les magasins pr\u00e8s de chez vous. EN LIGNE Achetez vos produits essentiels BETADINE\u00ae dans les principaux magasins de commerce \u00e9lectronique du pays. MAGASINS PARTENAIRES Indiquez votre lieu de r\u00e9sidence pour trouver l&rsquo;un de nos magasins partenaires pr\u00e8s de chez [&hellip;]<\/p>\n","protected":false},"author":5,"featured_media":0,"parent":0,"menu_order":0,"comment_status":"closed","ping_status":"closed","template":"elementor_header_footer","meta":{"_acf_changed":false,"footnotes":""},"class_list":["post-11271","page","type-page","status-publish","hentry"],"acf":[],"yoast_head":"<!-- This site is optimized with the Yoast SEO plugin v27.2 - https:\/\/yoast.com\/product\/yoast-seo-wordpress\/ -->\n<title>O\u00f9 acheter - Betadine<\/title>\n<meta name=\"robots\" content=\"index, follow, max-snippet:-1, max-image-preview:large, max-video-preview:-1\" \/>\n<link rel=\"canonical\" href=\"https:\/\/www.betadine.ca\/fr\/ou-acheter\/\" \/>\n<meta property=\"og:locale\" content=\"fr_FR\" \/>\n<meta property=\"og:type\" content=\"article\" \/>\n<meta property=\"og:title\" content=\"O\u00f9 acheter - Betadine\" \/>\n<meta property=\"og:description\" content=\"WHERE TO BUY Nos produits sont disponibles dans les principaux sites de commerce \u00e9lectronique et dans les magasins pr\u00e8s de chez vous. EN LIGNE Achetez vos produits essentiels BETADINE\u00ae dans les principaux magasins de commerce \u00e9lectronique du pays. MAGASINS PARTENAIRES Indiquez votre lieu de r\u00e9sidence pour trouver l&rsquo;un de nos magasins partenaires pr\u00e8s de chez [&hellip;]\" \/>\n<meta property=\"og:url\" content=\"https:\/\/www.betadine.ca\/fr\/ou-acheter\/\" \/>\n<meta property=\"og:site_name\" content=\"Betadine\" \/>\n<meta property=\"article:modified_time\" content=\"2024-08-13T05:54:47+00:00\" \/>\n<meta property=\"og:image\" content=\"https:\/\/www.betadine.ca\/wp-content\/uploads\/2023\/02\/wheretobuy.png\" \/>\n<meta name=\"twitter:card\" content=\"summary_large_image\" \/>\n<script type=\"application\/ld+json\" class=\"yoast-schema-graph\">{\"@context\":\"https:\/\/schema.org\",\"@graph\":[{\"@type\":\"WebPage\",\"@id\":\"https:\/\/www.betadine.ca\/fr\/ou-acheter\/\",\"url\":\"https:\/\/www.betadine.ca\/fr\/ou-acheter\/\",\"name\":\"O\u00f9 acheter - Betadine\",\"isPartOf\":{\"@id\":\"https:\/\/www.betadine.ca\/fr\/#website\"},\"primaryImageOfPage\":{\"@id\":\"https:\/\/www.betadine.ca\/fr\/ou-acheter\/#primaryimage\"},\"image\":{\"@id\":\"https:\/\/www.betadine.ca\/fr\/ou-acheter\/#primaryimage\"},\"thumbnailUrl\":\"https:\/\/www.betadine.ca\/wp-content\/uploads\/2023\/02\/wheretobuy.png\",\"datePublished\":\"2023-02-09T10:59:30+00:00\",\"dateModified\":\"2024-08-13T05:54:47+00:00\",\"breadcrumb\":{\"@id\":\"https:\/\/www.betadine.ca\/fr\/ou-acheter\/#breadcrumb\"},\"inLanguage\":\"fr-FR\",\"potentialAction\":[{\"@type\":\"ReadAction\",\"target\":[\"https:\/\/www.betadine.ca\/fr\/ou-acheter\/\"]}]},{\"@type\":\"ImageObject\",\"inLanguage\":\"fr-FR\",\"@id\":\"https:\/\/www.betadine.ca\/fr\/ou-acheter\/#primaryimage\",\"url\":\"https:\/\/www.betadine.ca\/wp-content\/uploads\/2023\/02\/wheretobuy.png\",\"contentUrl\":\"https:\/\/www.betadine.ca\/wp-content\/uploads\/2023\/02\/wheretobuy.png\"},{\"@type\":\"BreadcrumbList\",\"@id\":\"https:\/\/www.betadine.ca\/fr\/ou-acheter\/#breadcrumb\",\"itemListElement\":[{\"@type\":\"ListItem\",\"position\":1,\"name\":\"Home\",\"item\":\"https:\/\/www.betadine.ca\/fr\/\"},{\"@type\":\"ListItem\",\"position\":2,\"name\":\"O\u00f9 acheter\"}]},{\"@type\":\"WebSite\",\"@id\":\"https:\/\/www.betadine.ca\/fr\/#website\",\"url\":\"https:\/\/www.betadine.ca\/fr\/\",\"name\":\"Betadine\",\"description\":\"\",\"potentialAction\":[{\"@type\":\"SearchAction\",\"target\":{\"@type\":\"EntryPoint\",\"urlTemplate\":\"https:\/\/www.betadine.ca\/fr\/?s={search_term_string}\"},\"query-input\":{\"@type\":\"PropertyValueSpecification\",\"valueRequired\":true,\"valueName\":\"search_term_string\"}}],\"inLanguage\":\"fr-FR\"}]}<\/script>\n<!-- \/ Yoast SEO plugin. -->","yoast_head_json":{"title":"O\u00f9 acheter - Betadine","robots":{"index":"index","follow":"follow","max-snippet":"max-snippet:-1","max-image-preview":"max-image-preview:large","max-video-preview":"max-video-preview:-1"},"canonical":"https:\/\/www.betadine.ca\/fr\/ou-acheter\/","og_locale":"fr_FR","og_type":"article","og_title":"O\u00f9 acheter - Betadine","og_description":"WHERE TO BUY Nos produits sont disponibles dans les principaux sites de commerce \u00e9lectronique et dans les magasins pr\u00e8s de chez vous. EN LIGNE Achetez vos produits essentiels BETADINE\u00ae dans les principaux magasins de commerce \u00e9lectronique du pays. MAGASINS PARTENAIRES Indiquez votre lieu de r\u00e9sidence pour trouver l&rsquo;un de nos magasins partenaires pr\u00e8s de chez [&hellip;]","og_url":"https:\/\/www.betadine.ca\/fr\/ou-acheter\/","og_site_name":"Betadine","article_modified_time":"2024-08-13T05:54:47+00:00","og_image":[{"url":"https:\/\/www.betadine.ca\/wp-content\/uploads\/2023\/02\/wheretobuy.png","type":"","width":"","height":""}],"twitter_card":"summary_large_image","schema":{"@context":"https:\/\/schema.org","@graph":[{"@type":"WebPage","@id":"https:\/\/www.betadine.ca\/fr\/ou-acheter\/","url":"https:\/\/www.betadine.ca\/fr\/ou-acheter\/","name":"O\u00f9 acheter - Betadine","isPartOf":{"@id":"https:\/\/www.betadine.ca\/fr\/#website"},"primaryImageOfPage":{"@id":"https:\/\/www.betadine.ca\/fr\/ou-acheter\/#primaryimage"},"image":{"@id":"https:\/\/www.betadine.ca\/fr\/ou-acheter\/#primaryimage"},"thumbnailUrl":"https:\/\/www.betadine.ca\/wp-content\/uploads\/2023\/02\/wheretobuy.png","datePublished":"2023-02-09T10:59:30+00:00","dateModified":"2024-08-13T05:54:47+00:00","breadcrumb":{"@id":"https:\/\/www.betadine.ca\/fr\/ou-acheter\/#breadcrumb"},"inLanguage":"fr-FR","potentialAction":[{"@type":"ReadAction","target":["https:\/\/www.betadine.ca\/fr\/ou-acheter\/"]}]},{"@type":"ImageObject","inLanguage":"fr-FR","@id":"https:\/\/www.betadine.ca\/fr\/ou-acheter\/#primaryimage","url":"https:\/\/www.betadine.ca\/wp-content\/uploads\/2023\/02\/wheretobuy.png","contentUrl":"https:\/\/www.betadine.ca\/wp-content\/uploads\/2023\/02\/wheretobuy.png"},{"@type":"BreadcrumbList","@id":"https:\/\/www.betadine.ca\/fr\/ou-acheter\/#breadcrumb","itemListElement":[{"@type":"ListItem","position":1,"name":"Home","item":"https:\/\/www.betadine.ca\/fr\/"},{"@type":"ListItem","position":2,"name":"O\u00f9 acheter"}]},{"@type":"WebSite","@id":"https:\/\/www.betadine.ca\/fr\/#website","url":"https:\/\/www.betadine.ca\/fr\/","name":"Betadine","description":"","potentialAction":[{"@type":"SearchAction","target":{"@type":"EntryPoint","urlTemplate":"https:\/\/www.betadine.ca\/fr\/?s={search_term_string}"},"query-input":{"@type":"PropertyValueSpecification","valueRequired":true,"valueName":"search_term_string"}}],"inLanguage":"fr-FR"}]}},"_links":{"self":[{"href":"https:\/\/www.betadine.ca\/fr\/wp-json\/wp\/v2\/pages\/11271","targetHints":{"allow":["GET"]}}],"collection":[{"href":"https:\/\/www.betadine.ca\/fr\/wp-json\/wp\/v2\/pages"}],"about":[{"href":"https:\/\/www.betadine.ca\/fr\/wp-json\/wp\/v2\/types\/page"}],"author":[{"embeddable":true,"href":"https:\/\/www.betadine.ca\/fr\/wp-json\/wp\/v2\/users\/5"}],"replies":[{"embeddable":true,"href":"https:\/\/www.betadine.ca\/fr\/wp-json\/wp\/v2\/comments?post=11271"}],"version-history":[{"count":1,"href":"https:\/\/www.betadine.ca\/fr\/wp-json\/wp\/v2\/pages\/11271\/revisions"}],"predecessor-version":[{"id":11272,"href":"https:\/\/www.betadine.ca\/fr\/wp-json\/wp\/v2\/pages\/11271\/revisions\/11272"}],"wp:attachment":[{"href":"https:\/\/www.betadine.ca\/fr\/wp-json\/wp\/v2\/media?parent=11271"}],"curies":[{"name":"wp","href":"https:\/\/api.w.org\/{rel}","templated":true}]}}